{"id":3093,"date":"2020-08-28T22:35:45","date_gmt":"2020-08-28T19:35:45","guid":{"rendered":"http:\/\/yoshiva.com\/?post_type=product&#038;p=3093"},"modified":"2025-09-03T16:49:42","modified_gmt":"2025-09-03T13:49:42","slug":"7-8-high-waist-airlift-legging","status":"publish","type":"product","link":"https:\/\/yoshiva.com\/index.php\/urun\/7-8-high-waist-airlift-legging\/","title":{"rendered":"7\/8 HIGH-WAIST AIRLIFT LEGGING"},"content":{"rendered":"<p><span style=\"vertical-align: inherit;\"><span style=\"vertical-align: inherit;\">Pop\u00fcler tam uzunlukta versiyonun bir g\u00fcncellemesi olan 7\/8 High-Waist Airlift Legging&#8217;de s\u0131cak yogaya haz\u0131r olun. <\/span><span style=\"vertical-align: inherit;\">Mikro performansl\u0131 \u00e7ift \u00f6rg\u00fcl\u00fc Airlift kuma\u015f\u0131m\u0131zdan \u00fcretilmi\u015ftir, ikinci bir cilt oturu\u015funa sahiptir ve ba\u015fka hi\u00e7bir \u015feye benzemeyen \u015fekil ve p\u00fcr\u00fczs\u00fczl\u00fck sa\u011flar. <\/span><span style=\"vertical-align: inherit;\">K\u00fc\u00e7\u00fcklerin ayak bile\u011fine m\u00fckemmel \u015fekilde vurur ve spor ayakkab\u0131larla m\u00fckemmel uyum sa\u011flar.<\/span><\/span><\/p>\n<ul>\n<li><span style=\"vertical-align: inherit;\"><span style=\"vertical-align: inherit;\">\u0130kinci cilt uyumu ve hissi<\/span><\/span><\/li>\n<li><span style=\"vertical-align: inherit;\"><span style=\"vertical-align: inherit;\">Kald\u0131rmak, \u015fekillendirmek, \u015fekillendirmek ve p\u00fcr\u00fczs\u00fczle\u015ftirmek i\u00e7in tasarland\u0131<\/span><\/span><\/li>\n<li><span style=\"vertical-align: inherit;\"><span style=\"vertical-align: inherit;\">4 y\u00f6nl\u00fc esnek kuma\u015f, sizinle birlikte hareket etmenizi sa\u011flar<\/span><\/span><\/li>\n<li><span style=\"vertical-align: inherit;\"><span style=\"vertical-align: inherit;\">Nem emici antimikrobiyal teknoloji<\/span><\/span><\/li>\n<li><span style=\"vertical-align: inherit;\"><span style=\"vertical-align: inherit;\">M\u00fckemmel uyum i\u00e7in \u015firket i\u00e7i ekibimiz taraf\u0131ndan a\u015f\u0131nma testi yap\u0131lm\u0131\u015ft\u0131r<\/span><\/span><\/li>\n<\/ul>\n","protected":false},"excerpt":{"rendered":"<p>Pop\u00fcler tam uzunlukta versiyonun bir g\u00fcncellemesi olan 7\/8 High-Waist Airlift Legging&#8217;de s\u0131cak yogaya haz\u0131r olun. Mikro performansl\u0131 \u00e7ift \u00f6rg\u00fcl\u00fc Airlift<\/p>\n","protected":false},"featured_media":3105,"comment_status":"open","ping_status":"closed","template":"","meta":[],"_links":{"self":[{"href":"https:\/\/yoshiva.com\/index.php\/wp-json\/wp\/v2\/product\/3093"}],"collection":[{"href":"https:\/\/yoshiva.com\/index.php\/wp-json\/wp\/v2\/product"}],"about":[{"href":"https:\/\/yoshiva.com\/index.php\/wp-json\/wp\/v2\/types\/product"}],"replies":[{"embeddable":true,"href":"https:\/\/yoshiva.com\/index.php\/wp-json\/wp\/v2\/comments?post=3093"}],"wp:featuredmedia":[{"embeddable":true,"href":"https:\/\/yoshiva.com\/index.php\/wp-json\/wp\/v2\/media\/3105"}],"wp:attachment":[{"href":"https:\/\/yoshiva.com\/index.php\/wp-json\/wp\/v2\/media?parent=3093"}],"curies":[{"name":"wp","href":"https:\/\/api.w.org\/{rel}","templated":true}]}}