{"id":8,"date":"2020-07-19T21:32:38","date_gmt":"2020-07-19T18:32:38","guid":{"rendered":"http:\/\/yoshiva.com\/index.php\/sepet\/"},"modified":"2020-07-19T21:32:38","modified_gmt":"2020-07-19T18:32:38","slug":"sepet","status":"publish","type":"page","link":"https:\/\/yoshiva.com\/index.php\/sepet\/","title":{"rendered":"Sepet"},"content":{"rendered":"<div class=\"woocommerce\"><div class=\"woocommerce-notices-wrapper\"><\/div>\t\t<p class=\"cart-empty woodmart-empty-page\">\n\t\t\tSepetiniz \u015fu anda bo\u015f.\t\t<\/p>\n\t\t<p class=\"cart-empty woocommerce-info\">Sepetiniz \u015fu anda bo\u015f.<\/p>\t\t\t\t<div class=\"woodmart-empty-page-text\">Before proceed to checkout you must add some products to your shopping cart.<br> You will find a lot of interesting products on our \"Shop\" page.<\/div>\n\t\t\t\t<p class=\"return-to-shop\">\n\t\t<a class=\"button wc-backward\" href=\"https:\/\/yoshiva.com\/index.php\/magaza\/\">\n\t\t\tMa\u011fazaya geri d\u00f6n\t\t<\/a>\n\t<\/p>\n<\/div>\n","protected":false},"excerpt":{"rendered":"Sepetiniz \u015fu anda bo\u015f. Sepetiniz \u015fu anda bo\u015f. Before proceed to checkout you must add some products to your shopping","protected":false},"author":1,"featured_media":0,"parent":0,"menu_order":0,"comment_status":"closed","ping_status":"closed","template":"","meta":{"footnotes":""},"_links":{"self":[{"href":"https:\/\/yoshiva.com\/index.php\/wp-json\/wp\/v2\/pages\/8"}],"collection":[{"href":"https:\/\/yoshiva.com\/index.php\/wp-json\/wp\/v2\/pages"}],"about":[{"href":"https:\/\/yoshiva.com\/index.php\/wp-json\/wp\/v2\/types\/page"}],"author":[{"embeddable":true,"href":"https:\/\/yoshiva.com\/index.php\/wp-json\/wp\/v2\/users\/1"}],"replies":[{"embeddable":true,"href":"https:\/\/yoshiva.com\/index.php\/wp-json\/wp\/v2\/comments?post=8"}],"version-history":[{"count":0,"href":"https:\/\/yoshiva.com\/index.php\/wp-json\/wp\/v2\/pages\/8\/revisions"}],"wp:attachment":[{"href":"https:\/\/yoshiva.com\/index.php\/wp-json\/wp\/v2\/media?parent=8"}],"curies":[{"name":"wp","href":"https:\/\/api.w.org\/{rel}","templated":true}]}}